 {"id":629,"date":"2021-05-12T08:15:29","date_gmt":"2021-05-12T08:15:29","guid":{"rendered":"https:\/\/www.enedi.es\/accesibilidad\/"},"modified":"2021-05-12T08:15:29","modified_gmt":"2021-05-12T08:15:29","slug":"accesibilidad","status":"publish","type":"page","link":"https:\/\/www.enedi.es\/en\/accesibilidad\/","title":{"rendered":"Accesibilidad"},"content":{"rendered":"<div class=\"container\">\r\n<article class=\"aviso-legal pt-5\">\r\n\r\n\t\t<header id=\"info-title\">\r\n\t\t\t<h1>Declaraci\u00f3n de accesibilidad<\/h1>\r\n\t\t<\/header>\r\n\r\n\r\n\t\t\t\t\r\n\r\n\t\t\t\t\t<section class=\"upv-ehu-image-description\">\r\n    \r\n\t\t\t\t\t\t\t<div class=\"main\">\r\n\t\t\t\t\t\t\t\t<p>La Universidad del Pa\u00eds Vasco\/Euskal Herriko Unibertsitatea (UPV\/EHU) se ha comprometido a hacer accesible su sitio web de conformidad con el\u00a0<a href=\"https:\/\/www.boe.es\/diario_boe\/txt.php?id=BOE-A-2018-12699\">Real Decreto 1112\/2018, de 7 de septiembre, sobre accesibilidad de los sitios web y aplicaciones para dispositivos m\u00f3viles del sector p\u00fablico<\/a>.<\/p>\r\n\r\n<p>La presente declaraci\u00f3n de accesibilidad se aplica a <a href=\"https:\/\/www.ehu.eus\/es\/home\">https:\/\/www.ehu.eus\/<\/a>.<\/p>\r\n\r\n<p>NOTA: Esta web se encuentra en proceso de redise\u00f1o y de migraci\u00f3n de contenidos a un nuevo gestor de contenidos.<\/p>\r\n\r\n<h3>Situaci\u00f3n de cumplimiento<\/h3>\r\n\r\n<p>Este sitio web es parcialmente conforme con el RD 1112\/2018, debido a las excepciones y a la falta de conformidad de los aspectos que se indican a continuaci\u00f3n.<\/p>\r\n\r\n<h3>Contenido no accesible<\/h3>\r\n\r\n<p>El contenido que se recoge a continuaci\u00f3n no es accesible por lo siguiente:<\/p>\r\n\r\n<ul>\r\n\t<li>Falta de conformidad con el RD 1112\/2018.<\/li>\r\n<\/ul>\r\n\r\n<p style=\"margin-left: 40px;\">Podr\u00edan existir fallos puntuales de edici\u00f3n en alguna p\u00e1gina web.<\/p>\r\n\r\n<ul>\r\n\t<li>Carga desproporcionada:<\/li>\r\n<\/ul>\r\n\r\n<p style=\"margin-left: 40px;\">No resulta aplicable.<\/p>\r\n\r\n<ul>\r\n\t<li>El contenido no entra dentro del \u00e1mbito de la legislaci\u00f3n aplicable.<\/li>\r\n<\/ul>\r\n\r\n<p style=\"margin-left: 40px;\">Podr\u00edan existir archivos ofim\u00e1ticos en PDF u otros formatos publicados antes del 20 de septiembre de 2018 que no cumplan en su totalidad todos los requisitos de accesibilidad.<\/p>\r\n\r\n<p style=\"margin-left: 40px;\">Contenidos multimedia en directo.<\/p>\r\n\r\n<p style=\"margin-left: 40px;\">Contenido multimedia pregrabado de base temporal\u00a0o publicado antes de la entrada en vigor del Real Decreto.<\/p>\r\n\r\n<p style=\"margin-left: 40px;\">Contenidos de terceros no financiados ni desarrollados por la Universidad del Pa\u00eds Vasco\/Euskal Herriko Unibertsitatea.<\/p>\r\n\r\n<h3>Preparaci\u00f3n de la presente declaraci\u00f3n de accesibilidad<\/h3>\r\n\r\n<p>La presente declaraci\u00f3n fue preparada el 15 de septiembre de 2020.<\/p>\r\n\r\n<p>El m\u00e9todo empleado para preparar la declaraci\u00f3n ha sido una autoevaluaci\u00f3n llevada a cabo por el propio organismo.<\/p>\r\n\r\n<p>\u00daltima revisi\u00f3n de la declaraci\u00f3n:\u00a0 15 de septiembre de 2020.<\/p>\r\n\r\n<h3>Observaciones y datos de contacto<\/h3>\r\n\r\n<p>Puede realizar comunicaciones sobre requisitos de accesibilidad (art\u00edculo 10.2.a del RD 1112\/2018) como, por ejemplo:<\/p>\r\n\r\n<ul>\r\n\t<li>Informar sobre cualquier posible incumplimiento por parte de este sitio web.<\/li>\r\n\t<li>Transmitir otras dificultades de acceso al contenido.<\/li>\r\n\t<li>Formular cualquier otra consulta o sugerencia de mejora relativa a la accesibilidad del sitio web.<\/li>\r\n<\/ul>\r\n\r\n<p>A trav\u00e9s de las siguientes v\u00edas:<\/p>\r\n\r\n<ul>\r\n\t<li>A trav\u00e9s del\u00a0<a href=\"https:\/\/www.ehu.eus\/es\/upv\/ehuren-irisgarritasun-postontzia\">formulario de contacto<\/a><\/li>\r\n\t<li>A trav\u00e9s de la direcci\u00f3n de correo electr\u00f3nico <a href=\"mailto:unidad-accesibilidad@ehu.eus\">unidad-accesibilidad@ehu.eus<\/a><\/li>\r\n\t<li>Presencialmente en el <a href=\"https:\/\/www.ehu.eus\/es\/web\/idazkaritza-nagusia\/erregistro-orokorra\">Registro General de la Universidad del Pa\u00eds Vasco\/Euskal Herriko Unibertsitatea<\/a>.<\/li>\r\n<\/ul>\r\n\r\n<p>Las comunicaciones ser\u00e1n recibidas y tratadas por la Unidad Responsable de Accesibilidad de la web y aplicaciones para dispositivos m\u00f3viles de la UPV\/EHU,\u00a0como unidad responsable de la accesibilidad de los contenidos de este sitio web.<\/p>\r\n\r\n<h3>Procedimiento de reclamaci\u00f3n<\/h3>\r\n\r\n<p>El procedimiento de reclamaci\u00f3n recogido en el art\u00edculo 13 del RD 1112\/2018 se realizar\u00e1 a trav\u00e9s de la <a href=\"https:\/\/egoitza.ehu.eus\/\">Sede Electr\u00f3nica de la Universidad de Pa\u00edsVasco\/Euskal Herriko Unibertsitatea<\/a> mediante una solicitud gen\u00e9rica en el <a href=\"https:\/\/egoitza.ehu.eus\/web\/guest\/registro-electronico\">registro electr\u00f3nico de documentaci\u00f3n general<\/a> dirigida a la Unidad Responsable de Accesibilidad de la web y aplicaciones para dispositivos m\u00f3viles de la UPV\/EHU.<\/p>\r\n\t\t\t\t\t\t\t<\/div>\r\n\r\n\t\t\t\t<\/section> \r\n\r\n<\/article>\r\n\r\n<hr>\r\n\r\n<article class=\"aviso-legal\">\r\n\r\n\t\t<header id=\"info-title\">\r\n\t\t\t<h2 class=\"h1\">Incidencias y sugerencias\r\n\t\t<\/h2><\/header>\r\n\r\n\t\t<section class=\"upv-ehu-image-description\">\r\n    \r\n\t\t\t<div class=\"main\">\r\n\t\t\t\t<p>Nuestra preocupaci\u00f3n es que la informaci\u00f3n pueda llegar al mayor n\u00famero posible de personas. Si mientras navegas por las p\u00e1ginas web tienes alg\u00fan problema para acceder a los contenidos, o si quieres hacer alguna sugerencia que nos pueda ayudar a mejorar la accesibilidad web, h\u00e1znoslo saber.<\/p>\r\n\r\n\t\t\t\t<p>Nota: nos ser\u00e1 de gran ayuda que nos indiques exactamente la p\u00e1gina (direcci\u00f3n web) sobre la que has encontrado alguna incidencia.<\/p>\r\n\r\n\t\t\t\t<p>Gracias por tu colaboraci\u00f3n.<\/p>\r\n\t\t\t<\/div>\r\n\r\n\t\t<\/section> \r\n\r\n<\/article>\r\n\r\n<article class=\"aviso-legal\">\r\n\r\n\t<header id=\"info-title\">\r\n\t\t<h2 class=\"h1\">Informaci\u00f3n b\u00e1sica sobre protecci\u00f3n de datos\r\n\t<\/h2><\/header>\r\n\r\n\t<section class=\"upv-ehu-image-description\">\r\n\r\n\t\t<div class=\"main\">\r\n\t\t\t<p>Pol\u00edtica de protecci\u00f3n de datos de la Universidad del Pa\u00eds Vasco\/Euskal Herriko Unibertsitatea (UPV\/EHU):<\/p>\r\n\r\n\t\t\t<ul>\r\n\t\t\t\t<li>Los datos de car\u00e1cter personal que consten en la solicitud ser\u00e1n tratados de forma confidencial y quedar\u00e1n incorporados a la correspondiente actividad de tratamiento titularidad de\u00a0la UPV\/EHU.<\/li>\r\n\t\t\t\t<li>Responsable del tratamiento de sus datos:<\/li>\r\n\t\t\t<\/ul>\r\n\r\n\t\t\t<p style=\"margin-left: 40px;\">Identidad: Universidad del Pa\u00eds Vasco\/Euskal Herriko Unibertsitatea. CIF: Q4818001B<\/p>\r\n\r\n\t\t\t<p style=\"margin-left: 40px;\">Direcci\u00f3n Postal: Barrio de Sarriena S\/N 48940 Leioa (Bizkaia)<\/p>\r\n\r\n\t\t\t<p style=\"margin-left: 40px;\">P\u00e1gina web: <a href=\"https:\/\/www.ehu.eus\/\">www.ehu.eus<\/a><\/p>\r\n\r\n\t\t\t<p style=\"margin-left: 40px;\">Contacto de la persona delegada de protecci\u00f3n de datos: <a href=\"mailto:dpd@ehu.eus\">dpd@ehu.eus<\/a><\/p>\r\n\r\n\t\t\t<ul>\r\n\t\t\t\t<li>Finalidad: Registro y tramitaci\u00f3n de las solicitudes de informaci\u00f3n general, quejas, sugerencias, agradecimientos y denuncias no formales realizadas por la ciudadan\u00eda.<\/li>\r\n\t\t\t\t<li>Legitimaci\u00f3n: La base legal para el tratamiento de sus datos es el consentimiento expreso de la persona interesada para los fines del tratamiento. La persona interesada tendr\u00e1 derecho a retirar su consentimiento en cualquier momento, pero no afectar\u00e1 a la licitud del tratamiento basada en el consentimiento previamente otorgado.<\/li>\r\n\t\t\t\t<li>Destinatarios: No se ceder\u00e1n datos a terceros salvo obligaci\u00f3n legal.<\/li>\r\n\t\t\t\t<li>Derechos: Ud. tiene el derecho de acceso, rectificaci\u00f3n y supresi\u00f3n de sus datos, as\u00ed como de limitaci\u00f3n u oposici\u00f3n a su tratamiento, como se explica en la informaci\u00f3n adicional<\/li>\r\n\t\t\t\t<li>Informaci\u00f3n adicional: Toda la informaci\u00f3n relativa a la pol\u00edtica de protecci\u00f3n de datos de la UPV\/EHU se encuentra a su disposici\u00f3n en el enlace <a href=\"https:\/\/www.ehu.eus\/es\/web\/idazkaritza-nagusia\/babestu\">https:\/\/www.ehu.eus\/babestu<\/a>, donde podr\u00e1 consultar, entre otras, la relaci\u00f3n actualizada de las actividades de tratamiento que la UPV\/EHU lleva a cabo, la base legal para cada tratamiento,\u00a0posibles destinatarios de los datos para cada una de las actividades de tratamiento, as\u00ed como informaci\u00f3n ampliada de cada uno de los derechos que le asisten en relaci\u00f3n con sus datos, incluyendo formularios estandarizados para facilitar su ejercicio.<\/li>\r\n\t\t\t<\/ul>\r\n\r\n\t\t\t<p>En cumplimiento de:<\/p>\r\n\r\n\t\t\t<ul>\r\n\t\t\t\t<li>Reglamento General de Protecci\u00f3n de Datos\u00a0(<a href=\"https:\/\/www.boe.es\/doue\/2016\/119\/L00001-00088.pdf\">https:\/\/www.boe.es\/doue\/2016\/119\/L00001-00088.pdf<\/a>).<\/li>\r\n\t\t\t\t<li>Ley Org\u00e1nica 3\/2018, de 5 de diciembre, de Protecci\u00f3n de Datos Personales y garant\u00eda de los derechos digitales\u00a0(<a href=\"https:\/\/www.boe.es\/boe\/dias\/2018\/12\/06\/pdfs\/BOE-A-2018-16673.pdf\">https:\/\/www.boe.es\/boe\/dias\/2018\/12\/06\/pdfs\/BOE-A-2018-16673.pdf<\/a>).<\/li>\r\n\t\t\t<\/ul>\r\n\t\t<\/div>\r\n\r\n\t<\/section> \r\n\r\n<\/article>\r\n\r\n<\/div>","protected":false},"excerpt":{"rendered":"<p>Declaraci\u00f3n de accesibilidad La Universidad del Pa\u00eds Vasco\/Euskal Herriko Unibertsitatea (UPV\/EHU) se ha comprometido a hacer accesible su sitio web de conformidad con el\u00a0Real Decreto 1112\/2018, de 7 de septiembre, sobre accesibilidad de los sitios web y aplicaciones para dispositivos m\u00f3viles del sector p\u00fablico. La presente declaraci\u00f3n de accesibilidad se aplica a https:\/\/www.ehu.eus\/. NOTA: Esta [&hellip;]<\/p>\n","protected":false},"author":1,"featured_media":0,"parent":0,"menu_order":0,"comment_status":"closed","ping_status":"closed","template":"templates\/page-light-hero.php","meta":{"_acf_changed":false,"footnotes":""},"class_list":["post-629","page","type-page","status-publish","hentry"],"acf":[],"_links":{"self":[{"href":"https:\/\/www.enedi.es\/en\/wp-json\/wp\/v2\/pages\/629","targetHints":{"allow":["GET"]}}],"collection":[{"href":"https:\/\/www.enedi.es\/en\/wp-json\/wp\/v2\/pages"}],"about":[{"href":"https:\/\/www.enedi.es\/en\/wp-json\/wp\/v2\/types\/page"}],"author":[{"embeddable":true,"href":"https:\/\/www.enedi.es\/en\/wp-json\/wp\/v2\/users\/1"}],"replies":[{"embeddable":true,"href":"https:\/\/www.enedi.es\/en\/wp-json\/wp\/v2\/comments?post=629"}],"version-history":[{"count":0,"href":"https:\/\/www.enedi.es\/en\/wp-json\/wp\/v2\/pages\/629\/revisions"}],"wp:attachment":[{"href":"https:\/\/www.enedi.es\/en\/wp-json\/wp\/v2\/media?parent=629"}],"curies":[{"name":"wp","href":"https:\/\/api.w.org\/{rel}","templated":true}]}}